{"id":5,"date":"2021-03-31T23:27:47","date_gmt":"2021-03-31T21:27:47","guid":{"rendered":"http:\/\/cukiernia-maja.pl\/?page_id=5"},"modified":"2021-04-03T00:41:28","modified_gmt":"2021-04-02T22:41:28","slug":"o-nas","status":"publish","type":"page","link":"https:\/\/cukiernia-maja.pl\/index.php\/o-nas\/","title":{"rendered":"O nas"},"content":{"rendered":"\t\t<div data-elementor-type=\"wp-page\" data-elementor-id=\"5\" class=\"elementor elementor-5\">\n\t\t\t\t\t\t<section class=\"elementor-section elementor-top-section elementor-element elementor-element-f896413 elementor-section-boxed elementor-section-height-default elementor-section-height-default\" data-id=\"f896413\" data-element_type=\"section\" data-settings=\"{&quot;background_background&quot;:&quot;slideshow&quot;,&quot;background_slideshow_gallery&quot;:[{&quot;id&quot;:285,&quot;url&quot;:&quot;http:\\\/\\\/cukiernia-maja.pl\\\/wp-content\\\/uploads\\\/2021\\\/04\\\/96090649_2597555877124973_92078927685615616_n.jpg&quot;}],&quot;shape_divider_bottom&quot;:&quot;mountains&quot;,&quot;background_slideshow_loop&quot;:&quot;yes&quot;,&quot;background_slideshow_slide_duration&quot;:5000,&quot;background_slideshow_slide_transition&quot;:&quot;fade&quot;,&quot;background_slideshow_transition_duration&quot;:500}\">\n\t\t\t\t\t\t\t<div class=\"elementor-background-overlay\"><\/div>\n\t\t\t\t\t\t<div class=\"elementor-shape elementor-shape-bottom\" aria-hidden=\"true\" data-negative=\"false\">\n\t\t\t<svg xmlns=\"http:\/\/www.w3.org\/2000\/svg\" viewBox=\"0 0 1000 100\" preserveAspectRatio=\"none\">\n\t<path class=\"elementor-shape-fill\" opacity=\"0.33\" d=\"M473,67.3c-203.9,88.3-263.1-34-320.3,0C66,119.1,0,59.7,0,59.7V0h1000v59.7 c0,0-62.1,26.1-94.9,29.3c-32.8,3.3-62.8-12.3-75.8-22.1C806,49.6,745.3,8.7,694.9,4.7S492.4,59,473,67.3z\"\/>\n\t<path class=\"elementor-shape-fill\" opacity=\"0.66\" d=\"M734,67.3c-45.5,0-77.2-23.2-129.1-39.1c-28.6-8.7-150.3-10.1-254,39.1 s-91.7-34.4-149.2,0C115.7,118.3,0,39.8,0,39.8V0h1000v36.5c0,0-28.2-18.5-92.1-18.5C810.2,18.1,775.7,67.3,734,67.3z\"\/>\n\t<path class=\"elementor-shape-fill\" d=\"M766.1,28.9c-200-57.5-266,65.5-395.1,19.5C242,1.8,242,5.4,184.8,20.6C128,35.8,132.3,44.9,89.9,52.5C28.6,63.7,0,0,0,0 h1000c0,0-9.9,40.9-83.6,48.1S829.6,47,766.1,28.9z\"\/>\n<\/svg>\t\t<\/div>\n\t\t\t\t\t<div class=\"elementor-container elementor-column-gap-default\">\n\t\t\t\t\t<div class=\"elementor-column elementor-col-100 elementor-top-column elementor-element elementor-element-2cfc904\" data-id=\"2cfc904\" data-element_type=\"column\">\n\t\t\t<div class=\"elementor-widget-wrap elementor-element-populated\">\n\t\t\t\t\t\t<div class=\"elementor-element elementor-element-b5c0f73 elementor-widget elementor-widget-spacer\" data-id=\"b5c0f73\" data-element_type=\"widget\" data-widget_type=\"spacer.default\">\n\t\t\t\t<div class=\"elementor-widget-container\">\n\t\t\t\t\t\t\t<div class=\"elementor-spacer\">\n\t\t\t<div class=\"elementor-spacer-inner\"><\/div>\n\t\t<\/div>\n\t\t\t\t\t\t<\/div>\n\t\t\t\t<\/div>\n\t\t\t\t<div class=\"elementor-element elementor-element-00f579a elementor-widget elementor-widget-heading\" data-id=\"00f579a\" data-element_type=\"widget\" data-widget_type=\"heading.default\">\n\t\t\t\t<div class=\"elementor-widget-container\">\n\t\t\t\t\t<h2 class=\"elementor-heading-title elementor-size-default\">O nas<\/h2>\t\t\t\t<\/div>\n\t\t\t\t<\/div>\n\t\t\t\t<div class=\"elementor-element elementor-element-6fa20bb elementor-widget elementor-widget-spacer\" data-id=\"6fa20bb\" data-element_type=\"widget\" data-widget_type=\"spacer.default\">\n\t\t\t\t<div class=\"elementor-widget-container\">\n\t\t\t\t\t\t\t<div class=\"elementor-spacer\">\n\t\t\t<div class=\"elementor-spacer-inner\"><\/div>\n\t\t<\/div>\n\t\t\t\t\t\t<\/div>\n\t\t\t\t<\/div>\n\t\t\t\t\t<\/div>\n\t\t<\/div>\n\t\t\t\t\t<\/div>\n\t\t<\/section>\n\t\t\t\t<section class=\"elementor-section elementor-top-section elementor-element elementor-element-40fba301 elementor-section-boxed elementor-section-height-default elementor-section-height-default\" data-id=\"40fba301\" data-element_type=\"section\">\n\t\t\t\t\t\t<div class=\"elementor-container elementor-column-gap-default\">\n\t\t\t\t\t<div class=\"elementor-column elementor-col-100 elementor-top-column elementor-element elementor-element-398c512c\" data-id=\"398c512c\" data-element_type=\"column\">\n\t\t\t<div class=\"elementor-widget-wrap elementor-element-populated\">\n\t\t\t\t\t\t<div class=\"elementor-element elementor-element-5a541b5 elementor-widget elementor-widget-text-editor\" data-id=\"5a541b5\" data-element_type=\"widget\" data-widget_type=\"text-editor.default\">\n\t\t\t\t<div class=\"elementor-widget-container\">\n\t\t\t\t\t\t\t\t\t<p><span style=\"color: var( --e-global-color-89d6c21 ); background-color: inherit; text-align: inherit;\">Cukiernia MAJA jest nowo otwart\u0105 cukierni\u0105 znajduj\u0105c\u0105 si\u0119 w dzielnicy Pruszkowa- \u017bbikowie. Mimo swojego kr\u00f3tkiego istnienia cukiernia ma w swoim sk\u0142adzie cukiernika z 25-letnim do\u015bwiadczeniem, kt\u00f3ry jest wysoko wyspecjalizowany i profesjonalny w swojej dziedzinie.<\/span><br><\/p>\n<div dir=\"auto\"><br><\/div>\n<div dir=\"auto\">Produkty przez nas sprzedawane s\u0105 robione na podstawie tradycyjnych przepis\u00f3w.<\/div>\n<div dir=\"auto\">Posiadamy punkt sprzeda\u017cowy z zapleczem produkcyjnym, co przek\u0142ada si\u0119 na to, \u017ce produkty przez nas sprzedawane s\u0105 zawsze \u015bwie\u017ce i dobrej jako\u015bci.<\/div>\n<div dir=\"auto\">W naszej cukierni opr\u00f3cz sklepu, znajduj\u0105 si\u0119 r\u00f3wnie\u017c stoliki przy kt\u00f3rych mo\u017cna usi\u0105\u015b\u0107, zje\u015b\u0107 ciastko oraz napi\u0107 si\u0119 kawy, herbaty lub gor\u0105cej czekolady.<\/div><div dir=\"auto\"><br><\/div>\n<div dir=\"auto\">Chc\u0105c dostosowa\u0107 si\u0119 r\u00f3wnie\u017c do najm\u0142odszych odbiorc\u00f3w w naszym lokalu znajduj\u0119 si\u0119 k\u0105cik dzieci\u0119cy, w kt\u00f3rym maluchy mog\u0105 mi\u0142o sp\u0119dza\u0107 czas na zabawie.<\/div>\n<div dir=\"auto\">Dodatkowo w ofercie sprzeda\u017cowej posiadamy gofry i rurki z kremem, \u017ceby ka\u017cdy maluch m\u00f3g\u0142 znale\u017a\u0107 co\u015b dla siebie.<\/div>\n<p><!-- \/wp:paragraph --><\/p>\t\t\t\t\t\t\t\t<\/div>\n\t\t\t\t<\/div>\n\t\t\t\t\t<\/div>\n\t\t<\/div>\n\t\t\t\t\t<\/div>\n\t\t<\/section>\n\t\t\t\t<section class=\"elementor-section elementor-top-section elementor-element elementor-element-699c895 elementor-section-boxed elementor-section-height-default elementor-section-height-default\" data-id=\"699c895\" data-element_type=\"section\">\n\t\t\t\t\t\t<div class=\"elementor-container elementor-column-gap-default\">\n\t\t\t\t\t<div class=\"elementor-column elementor-col-100 elementor-top-column elementor-element elementor-element-a4b0cb4\" data-id=\"a4b0cb4\" data-element_type=\"column\">\n\t\t\t<div class=\"elementor-widget-wrap elementor-element-populated\">\n\t\t\t\t\t\t<div class=\"elementor-element elementor-element-bfadb11 elementor-widget elementor-widget-heading\" data-id=\"bfadb11\" data-element_type=\"widget\" data-widget_type=\"heading.default\">\n\t\t\t\t<div class=\"elementor-widget-container\">\n\t\t\t\t\t<h2 class=\"elementor-heading-title elementor-size-default\">Zaufanie Klient\u00f3w<\/h2>\t\t\t\t<\/div>\n\t\t\t\t<\/div>\n\t\t\t\t\t<\/div>\n\t\t<\/div>\n\t\t\t\t\t<\/div>\n\t\t<\/section>\n\t\t\t\t<section class=\"elementor-section elementor-top-section elementor-element elementor-element-e58a5e3 elementor-section-boxed elementor-section-height-default elementor-section-height-default\" data-id=\"e58a5e3\" data-element_type=\"section\">\n\t\t\t\t\t\t<div class=\"elementor-container elementor-column-gap-default\">\n\t\t\t\t\t<div class=\"elementor-column elementor-col-50 elementor-top-column elementor-element elementor-element-32ad6d2\" data-id=\"32ad6d2\" data-element_type=\"column\">\n\t\t\t<div class=\"elementor-widget-wrap elementor-element-populated\">\n\t\t\t\t\t\t<div class=\"elementor-element elementor-element-6623656 elementor-widget elementor-widget-spacer\" data-id=\"6623656\" data-element_type=\"widget\" data-widget_type=\"spacer.default\">\n\t\t\t\t<div class=\"elementor-widget-container\">\n\t\t\t\t\t\t\t<div class=\"elementor-spacer\">\n\t\t\t<div class=\"elementor-spacer-inner\"><\/div>\n\t\t<\/div>\n\t\t\t\t\t\t<\/div>\n\t\t\t\t<\/div>\n\t\t\t\t<section class=\"elementor-section elementor-inner-section elementor-element elementor-element-3fcfc4d elementor-section-boxed elementor-section-height-default elementor-section-height-default\" data-id=\"3fcfc4d\" data-element_type=\"section\">\n\t\t\t\t\t\t<div class=\"elementor-container elementor-column-gap-default\">\n\t\t\t\t\t<div class=\"elementor-column elementor-col-50 elementor-inner-column elementor-element elementor-element-84527db\" data-id=\"84527db\" data-element_type=\"column\">\n\t\t\t<div class=\"elementor-widget-wrap elementor-element-populated\">\n\t\t\t\t\t\t<div class=\"elementor-element elementor-element-7b0b5d8 elementor-view-default elementor-widget elementor-widget-icon\" data-id=\"7b0b5d8\" data-element_type=\"widget\" data-widget_type=\"icon.default\">\n\t\t\t\t<div class=\"elementor-widget-container\">\n\t\t\t\t\t\t\t<div class=\"elementor-icon-wrapper\">\n\t\t\t<div class=\"elementor-icon\">\n\t\t\t<svg xmlns=\"http:\/\/www.w3.org\/2000\/svg\" xmlns:xlink=\"http:\/\/www.w3.org\/1999\/xlink\" id=\"Capa_1\" x=\"0px\" y=\"0px\" viewBox=\"0 0 512 512\" style=\"enable-background:new 0 0 512 512;\" xml:space=\"preserve\"><g>\t<g>\t\t<path d=\"M512,304c0-12.821-5.099-24.768-13.888-33.579c9.963-10.901,15.04-25.515,13.653-40.725    c-2.496-27.115-26.923-48.363-55.637-48.363H324.352c6.528-19.819,16.981-56.149,16.981-85.333c0-46.272-39.317-85.333-64-85.333    c-22.144,0-37.995,12.48-38.656,12.992c-2.539,2.027-4.011,5.099-4.011,8.341v72.341L173.205,237.44l-2.539,1.301v-4.075    c0-5.888-4.779-10.667-10.667-10.667H53.333C23.915,224,0,247.915,0,277.333V448c0,29.419,23.915,53.333,53.333,53.333h64    c23.061,0,42.773-14.72,50.197-35.264C185.28,475.2,209.173,480,224,480h195.819c23.232,0,43.563-15.659,48.341-37.248    c2.453-11.136,1.024-22.336-3.84-32.064c15.744-7.915,26.347-24.192,26.347-42.688c0-7.552-1.728-14.784-4.992-21.312    C501.419,338.752,512,322.496,512,304z M467.008,330.325c-4.117,0.491-7.595,3.285-8.917,7.232    c-1.301,3.947-0.213,8.277,2.816,11.136c5.419,5.099,8.427,11.968,8.427,19.307c0,13.461-10.176,24.768-23.637,26.325    c-4.117,0.491-7.595,3.285-8.917,7.232c-1.301,3.947-0.213,8.277,2.816,11.136c7.019,6.613,9.835,15.893,7.723,25.451    c-2.624,11.904-14.187,20.523-27.499,20.523H224c-17.323,0-46.379-8.128-56.448-18.219c-3.051-3.029-7.659-3.925-11.627-2.304    c-3.989,1.643-6.592,5.547-6.592,9.856c0,17.643-14.357,32-32,32h-64c-17.643,0-32-14.357-32-32V277.333c0-17.643,14.357-32,32-32    h96V256c0,3.691,1.92,7.125,5.077,9.088c3.115,1.877,7.04,2.069,10.368,0.448l21.333-10.667c2.155-1.067,3.883-2.859,4.907-5.056    l64-138.667c0.64-1.408,0.981-2.944,0.981-4.48V37.781C260.437,35.328,268.139,32,277.333,32C289.024,32,320,61.056,320,96    c0,37.547-20.437,91.669-20.629,92.203c-1.237,3.264-0.811,6.955,1.173,9.856c2.005,2.88,5.291,4.608,8.789,4.608h146.795    c17.792,0,32.896,12.736,34.389,28.992c1.131,12.16-4.715,23.723-15.189,30.187c-3.264,2.005-5.205,5.632-5.056,9.493    s2.368,7.317,5.781,9.088c9.024,4.587,14.613,13.632,14.613,23.573C490.667,317.461,480.491,328.768,467.008,330.325z\"><\/path>\t<\/g><\/g><g>\t<g>\t\t<path d=\"M160,245.333c-5.888,0-10.667,4.779-10.667,10.667v192c0,5.888,4.779,10.667,10.667,10.667s10.667-4.779,10.667-10.667    V256C170.667,250.112,165.888,245.333,160,245.333z\"><\/path>\t<\/g><\/g><g><\/g><g><\/g><g><\/g><g><\/g><g><\/g><g><\/g><g><\/g><g><\/g><g><\/g><g><\/g><g><\/g><g><\/g><g><\/g><g><\/g><g><\/g><\/svg>\t\t\t<\/div>\n\t\t<\/div>\n\t\t\t\t\t\t<\/div>\n\t\t\t\t<\/div>\n\t\t\t\t\t<\/div>\n\t\t<\/div>\n\t\t\t\t<div class=\"elementor-column elementor-col-50 elementor-inner-column elementor-element elementor-element-1e5e1fc\" data-id=\"1e5e1fc\" data-element_type=\"column\">\n\t\t\t<div class=\"elementor-widget-wrap elementor-element-populated\">\n\t\t\t\t\t\t<div class=\"elementor-element elementor-element-8b70b1d elementor-widget elementor-widget-counter\" data-id=\"8b70b1d\" data-element_type=\"widget\" data-widget_type=\"counter.default\">\n\t\t\t\t<div class=\"elementor-widget-container\">\n\t\t\t\t\t\t\t<div class=\"elementor-counter\">\n\t\t\t\t\t\t<div class=\"elementor-counter-number-wrapper\">\n\t\t\t\t<span class=\"elementor-counter-number-prefix\"><\/span>\n\t\t\t\t<span class=\"elementor-counter-number\" data-duration=\"1000\" data-to-value=\"1800\" data-from-value=\"0\" data-delimiter=\",\">0<\/span>\n\t\t\t\t<span class=\"elementor-counter-number-suffix\"><\/span>\n\t\t\t<\/div>\n\t\t<\/div>\n\t\t\t\t\t\t<\/div>\n\t\t\t\t<\/div>\n\t\t\t\t\t<\/div>\n\t\t<\/div>\n\t\t\t\t\t<\/div>\n\t\t<\/section>\n\t\t\t\t<div class=\"elementor-element elementor-element-1c4ad91 elementor-widget elementor-widget-heading\" data-id=\"1c4ad91\" data-element_type=\"widget\" data-widget_type=\"heading.default\">\n\t\t\t\t<div class=\"elementor-widget-container\">\n\t\t\t\t\t<h2 class=\"elementor-heading-title elementor-size-default\">os\u00f3b lubi to<\/h2>\t\t\t\t<\/div>\n\t\t\t\t<\/div>\n\t\t\t\t\t<\/div>\n\t\t<\/div>\n\t\t\t\t<div class=\"elementor-column elementor-col-50 elementor-top-column elementor-element elementor-element-79f811d\" data-id=\"79f811d\" data-element_type=\"column\">\n\t\t\t<div class=\"elementor-widget-wrap elementor-element-populated\">\n\t\t\t\t\t\t<div class=\"elementor-element elementor-element-edbd351 elementor-widget elementor-widget-heading\" data-id=\"edbd351\" data-element_type=\"widget\" data-widget_type=\"heading.default\">\n\t\t\t\t<div class=\"elementor-widget-container\">\n\t\t\t\t\t<h2 class=\"elementor-heading-title elementor-size-default\">100% pozytywnych opinii<\/h2>\t\t\t\t<\/div>\n\t\t\t\t<\/div>\n\t\t\t\t<div class=\"elementor-element elementor-element-efb4c0f elementor--star-style-star_unicode elementor-star-rating--align-center elementor-widget elementor-widget-star-rating\" data-id=\"efb4c0f\" data-element_type=\"widget\" data-widget_type=\"star-rating.default\">\n\t\t\t\t<div class=\"elementor-widget-container\">\n\t\t\t\t\t\t\t<div class=\"elementor-star-rating__wrapper\">\n\t\t\t\t\t\t<div class=\"elementor-star-rating\" itemtype=\"http:\/\/schema.org\/Rating\" itemscope=\"\" itemprop=\"reviewRating\">\n\t\t\t\t<i class=\"elementor-star-full\" aria-hidden=\"true\">&#9733;<\/i><i class=\"elementor-star-full\" aria-hidden=\"true\">&#9733;<\/i><i class=\"elementor-star-full\" aria-hidden=\"true\">&#9733;<\/i><i class=\"elementor-star-full\" aria-hidden=\"true\">&#9733;<\/i><i class=\"elementor-star-full\" aria-hidden=\"true\">&#9733;<\/i>\t\t\t\t<span itemprop=\"ratingValue\" class=\"elementor-screen-only\">Ocena 5 z 5<\/span>\n\t\t\t<\/div>\n\t\t<\/div>\n\t\t\t\t\t\t<\/div>\n\t\t\t\t<\/div>\n\t\t\t\t<div class=\"elementor-element elementor-element-e189fbc elementor-widget elementor-widget-heading\" data-id=\"e189fbc\" data-element_type=\"widget\" data-widget_type=\"heading.default\">\n\t\t\t\t<div class=\"elementor-widget-container\">\n\t\t\t\t\t<h2 class=\"elementor-heading-title elementor-size-default\">Na podstawie opinii 38 u\u017cytkownik\u00f3w<\/h2>\t\t\t\t<\/div>\n\t\t\t\t<\/div>\n\t\t\t\t<div class=\"elementor-element elementor-element-e481e7d elementor-widget elementor-widget-spacer\" data-id=\"e481e7d\" data-element_type=\"widget\" data-widget_type=\"spacer.default\">\n\t\t\t\t<div class=\"elementor-widget-container\">\n\t\t\t\t\t\t\t<div class=\"elementor-spacer\">\n\t\t\t<div class=\"elementor-spacer-inner\"><\/div>\n\t\t<\/div>\n\t\t\t\t\t\t<\/div>\n\t\t\t\t<\/div>\n\t\t\t\t\t<\/div>\n\t\t<\/div>\n\t\t\t\t\t<\/div>\n\t\t<\/section>\n\t\t\t\t<section class=\"elementor-section elementor-top-section elementor-element elementor-element-7066027 elementor-section-boxed elementor-section-height-default elementor-section-height-default\" data-id=\"7066027\" data-element_type=\"section\">\n\t\t\t\t\t\t<div class=\"elementor-container elementor-column-gap-default\">\n\t\t\t\t\t<div class=\"elementor-column elementor-col-100 elementor-top-column elementor-element elementor-element-7aeec14\" data-id=\"7aeec14\" data-element_type=\"column\">\n\t\t\t<div class=\"elementor-widget-wrap elementor-element-populated\">\n\t\t\t\t\t\t<div class=\"elementor-element elementor-element-84a06b1 elementor-widget elementor-widget-spacer\" data-id=\"84a06b1\" data-element_type=\"widget\" data-widget_type=\"spacer.default\">\n\t\t\t\t<div class=\"elementor-widget-container\">\n\t\t\t\t\t\t\t<div class=\"elementor-spacer\">\n\t\t\t<div class=\"elementor-spacer-inner\"><\/div>\n\t\t<\/div>\n\t\t\t\t\t\t<\/div>\n\t\t\t\t<\/div>\n\t\t\t\t\t<\/div>\n\t\t<\/div>\n\t\t\t\t\t<\/div>\n\t\t<\/section>\n\t\t\t\t<\/div>\n\t\t","protected":false},"excerpt":{"rendered":"<p>O nas Cukiernia MAJA jest nowo otwart\u0105 cukierni\u0105 znajduj\u0105c\u0105 si\u0119 w dzielnicy Pruszkowa- \u017bbikowie. Mimo swojego kr\u00f3tkiego istnienia cukiernia ma w swoim sk\u0142adzie cukiernika z 25-letnim do\u015bwiadczeniem, kt\u00f3ry jest wysoko wyspecjalizowany i profesjonalny w swojej dziedzinie. Produkty przez nas sprzedawane s\u0105 robione na podstawie tradycyjnych przepis\u00f3w. Posiadamy punkt sprzeda\u017cowy z zapleczem produkcyjnym, co przek\u0142ada si\u0119 [&hellip;]<\/p>\n","protected":false},"author":1,"featured_media":0,"parent":0,"menu_order":0,"comment_status":"closed","ping_status":"closed","template":"elementor_header_footer","meta":{"footnotes":""},"class_list":["post-5","page","type-page","status-publish","czr-hentry"],"aioseo_notices":[],"_links":{"self":[{"href":"https:\/\/cukiernia-maja.pl\/index.php\/wp-json\/wp\/v2\/pages\/5","targetHints":{"allow":["GET"]}}],"collection":[{"href":"https:\/\/cukiernia-maja.pl\/index.php\/wp-json\/wp\/v2\/pages"}],"about":[{"href":"https:\/\/cukiernia-maja.pl\/index.php\/wp-json\/wp\/v2\/types\/page"}],"author":[{"embeddable":true,"href":"https:\/\/cukiernia-maja.pl\/index.php\/wp-json\/wp\/v2\/users\/1"}],"replies":[{"embeddable":true,"href":"https:\/\/cukiernia-maja.pl\/index.php\/wp-json\/wp\/v2\/comments?post=5"}],"version-history":[{"count":11,"href":"https:\/\/cukiernia-maja.pl\/index.php\/wp-json\/wp\/v2\/pages\/5\/revisions"}],"predecessor-version":[{"id":291,"href":"https:\/\/cukiernia-maja.pl\/index.php\/wp-json\/wp\/v2\/pages\/5\/revisions\/291"}],"wp:attachment":[{"href":"https:\/\/cukiernia-maja.pl\/index.php\/wp-json\/wp\/v2\/media?parent=5"}],"curies":[{"name":"wp","href":"https:\/\/api.w.org\/{rel}","templated":true}]}}